{"id":5059,"date":"2024-01-19T13:06:07","date_gmt":"2024-01-19T13:06:07","guid":{"rendered":"https:\/\/thekugellawfirm.com\/east-orange\/"},"modified":"2026-01-26T15:19:58","modified_gmt":"2026-01-26T15:19:58","slug":"east-orange","status":"publish","type":"page","link":"https:\/\/thekugellawfirm.com\/es\/east-orange\/","title":{"rendered":"East Orange"},"content":{"rendered":"<div id=\"ez-toc-container\" class=\"ez-toc-v2_0_82_2 counter-hierarchy ez-toc-counter ez-toc-grey ez-toc-container-direction\">\n<div class=\"ez-toc-title-container\">\n<p class=\"ez-toc-title\" style=\"cursor:inherit\">Table of Contents<\/p>\n<span class=\"ez-toc-title-toggle\"><a href=\"#\" class=\"ez-toc-pull-right ez-toc-btn ez-toc-btn-xs ez-toc-btn-default ez-toc-toggle\" aria-label=\"Alternar tabla de contenidos\"><span class=\"ez-toc-js-icon-con\"><span class=\"\"><span class=\"eztoc-hide\" style=\"display:none;\">Toggle<\/span><span class=\"ez-toc-icon-toggle-span\"><svg style=\"fill: #999;color:#999\" xmlns=\"http:\/\/www.w3.org\/2000\/svg\" class=\"list-377408\" width=\"20px\" height=\"20px\" viewBox=\"0 0 24 24\" fill=\"none\"><path d=\"M6 6H4v2h2V6zm14 0H8v2h12V6zM4 11h2v2H4v-2zm16 0H8v2h12v-2zM4 16h2v2H4v-2zm16 0H8v2h12v-2z\" fill=\"currentColor\"><\/path><\/svg><svg style=\"fill: #999;color:#999\" class=\"arrow-unsorted-368013\" xmlns=\"http:\/\/www.w3.org\/2000\/svg\" width=\"10px\" height=\"10px\" viewBox=\"0 0 24 24\" version=\"1.2\" baseProfile=\"tiny\"><path d=\"M18.2 9.3l-6.2-6.3-6.2 6.3c-.2.2-.3.4-.3.7s.1.5.3.7c.2.2.4.3.7.3h11c.3 0 .5-.1.7-.3.2-.2.3-.5.3-.7s-.1-.5-.3-.7zM5.8 14.7l6.2 6.3 6.2-6.3c.2-.2.3-.5.3-.7s-.1-.5-.3-.7c-.2-.2-.4-.3-.7-.3h-11c-.3 0-.5.1-.7.3-.2.2-.3.5-.3.7s.1.5.3.7z\"\/><\/svg><\/span><\/span><\/span><\/a><\/span><\/div>\n<nav><ul class='ez-toc-list ez-toc-list-level-1 eztoc-toggle-hide-by-default' ><li class='ez-toc-page-1 ez-toc-heading-level-1'><a class=\"ez-toc-link ez-toc-heading-1\" href=\"https:\/\/thekugellawfirm.com\/es\/east-orange\/#East-Orange-Nueva-Jersey-Un-tapiz-de-historia-y-diversidad\" >East Orange, Nueva Jersey: Un tapiz de historia y diversidad<\/a><ul class='ez-toc-list-level-2' ><li class='ez-toc-heading-level-2'><a class=\"ez-toc-link ez-toc-heading-2\" href=\"https:\/\/thekugellawfirm.com\/es\/east-orange\/#Historia-de-East-Orange\" >Historia de East Orange<\/a><\/li><li class='ez-toc-page-1 ez-toc-heading-level-2'><a class=\"ez-toc-link ez-toc-heading-3\" href=\"https:\/\/thekugellawfirm.com\/es\/east-orange\/#Vecindarios-de-East-Orange\" >Vecindarios de East Orange<\/a><\/li><li class='ez-toc-page-1 ez-toc-heading-level-2'><a class=\"ez-toc-link ez-toc-heading-4\" href=\"https:\/\/thekugellawfirm.com\/es\/east-orange\/#Atracciones-notables\" >Atracciones notables<\/a><\/li><li class='ez-toc-page-1 ez-toc-heading-level-2'><a class=\"ez-toc-link ez-toc-heading-5\" href=\"https:\/\/thekugellawfirm.com\/es\/east-orange\/#Datos-Estadisticos\" >Datos Estad\u00edsticos<\/a><\/li><li class='ez-toc-page-1 ez-toc-heading-level-2'><a class=\"ez-toc-link ez-toc-heading-6\" href=\"https:\/\/thekugellawfirm.com\/es\/east-orange\/#Conclusion\" >Conclusi\u00f3n<\/a><\/li><\/ul><\/li><\/ul><\/nav><\/div>\n\t\t<div data-elementor-type=\"wp-page\" data-elementor-id=\"5059\" class=\"elementor elementor-5059 elementor-1868\" data-elementor-post-type=\"page\">\n\t\t\t\t\t\t<section class=\"elementor-section elementor-top-section elementor-element elementor-element-f77d44c elementor-section-height-min-height elementor-section-items-stretch elementor-section-boxed elementor-section-height-default\" data-id=\"f77d44c\" data-element_type=\"section\" data-e-type=\"section\" data-settings=\"{&quot;jet_parallax_layout_list&quot;:[],&quot;background_background&quot;:&quot;classic&quot;}\">\n\t\t\t\t\t\t\t<div class=\"elementor-background-overlay\"><\/div>\n\t\t\t\t\t\t\t<div class=\"elementor-container elementor-column-gap-default\">\n\t\t\t\t\t<div class=\"elementor-column elementor-col-100 elementor-top-column elementor-element elementor-element-4d1efc5\" data-id=\"4d1efc5\" data-element_type=\"column\" data-e-type=\"column\">\n\t\t\t<div class=\"elementor-widget-wrap elementor-element-populated\">\n\t\t\t\t\t\t<div class=\"elementor-element elementor-element-cfb751b elementor-widget elementor-widget-heading\" data-id=\"cfb751b\" data-element_type=\"widget\" data-e-type=\"widget\" data-widget_type=\"heading.default\">\n\t\t\t\t<div class=\"elementor-widget-container\">\n\t\t\t\t\t<p class=\"elementor-heading-title elementor-size-default\">The Kugel Law Firm<\/p>\t\t\t\t<\/div>\n\t\t\t\t<\/div>\n\t\t\t\t<div class=\"elementor-element elementor-element-37db10c elementor-widget elementor-widget-heading\" data-id=\"37db10c\" data-element_type=\"widget\" data-e-type=\"widget\" data-widget_type=\"heading.default\">\n\t\t\t\t<div class=\"elementor-widget-container\">\n\t\t\t\t\t<h1 class=\"elementor-heading-title elementor-size-default\"><span class=\"ez-toc-section\" id=\"East-Orange-Nueva-Jersey-Un-tapiz-de-historia-y-diversidad\"><\/span><span style=\"color:#C6A97D\">East Orange, Nueva Jersey:<\/span> Un tapiz de historia y diversidad<span class=\"ez-toc-section-end\"><\/span><\/h1>\t\t\t\t<\/div>\n\t\t\t\t<\/div>\n\t\t\t\t\t<\/div>\n\t\t<\/div>\n\t\t\t\t\t<\/div>\n\t\t<\/section>\n\t\t\t\t<section class=\"elementor-section elementor-top-section elementor-element elementor-element-7acab1b elementor-section-boxed elementor-section-height-default elementor-section-height-default\" data-id=\"7acab1b\" data-element_type=\"section\" data-e-type=\"section\" data-settings=\"{&quot;jet_parallax_layout_list&quot;:[],&quot;background_background&quot;:&quot;classic&quot;}\">\n\t\t\t\t\t\t<div class=\"elementor-container elementor-column-gap-default\">\n\t\t\t\t\t<div class=\"elementor-column elementor-col-50 elementor-top-column elementor-element elementor-element-6ca0958\" data-id=\"6ca0958\" data-element_type=\"column\" data-e-type=\"column\">\n\t\t\t<div class=\"elementor-widget-wrap elementor-element-populated\">\n\t\t\t\t\t\t<div class=\"elementor-element elementor-element-d528ae8 elementor-widget elementor-widget-text-editor\" data-id=\"d528ae8\" data-element_type=\"widget\" data-e-type=\"widget\" data-widget_type=\"text-editor.default\">\n\t\t\t\t<div class=\"elementor-widget-container\">\n\t\t\t\t\t\t\t\t\t<p>East Orange, Nueva Jersey, situada en el coraz\u00f3n del condado de Essex, es una ciudad con un rico legado hist\u00f3rico y una vibrante vida comunitaria. Este ensayo profundiza en el pasado de la ciudad, explora sus diversos vecindarios, destaca sus principales atracciones y examina datos estad\u00edsticos relevantes para pintar una imagen integral de East Orange. <\/p><p>The Kugel Law Firm es un despacho de <a href=\"https:\/\/thekugellawfirm.com\/es\/abogado-de-dui-en-nueva-jersey\/\">abogados de DUI en East Orange<\/a> y Newark altamente calificado, con oficinas en 1 Gateway Center.<\/p>\t\t\t\t\t\t\t\t<\/div>\n\t\t\t\t<\/div>\n\t\t\t\t<div class=\"elementor-element elementor-element-b2d259d elementor-widget elementor-widget-html\" data-id=\"b2d259d\" data-element_type=\"widget\" data-e-type=\"widget\" data-widget_type=\"html.default\">\n\t\t\t\t<div class=\"elementor-widget-container\">\n\t\t\t\t\t<iframe src=\"https:\/\/www.google.com\/maps\/embed?pb=!1m18!1m12!1m3!1d24174.333351470068!2d-74.23476853220723!3d40.76660661863455!2m3!1f0!2f0!3f0!3m2!1i1024!2i768!4f13.1!3m3!1m2!1s0x89c254b5958982c3%3A0xb6ab3931055a2612!2sEast%20Orange%2C%20NJ!5e0!3m2!1sen!2sus!4v1705668314047!5m2!1sen!2sus\" width=\"600\" height=\"250\" style=\"border:0;\" allowfullscreen=\"\" loading=\"lazy\" referrerpolicy=\"no-referrer-when-downgrade\"><\/iframe>\t\t\t\t<\/div>\n\t\t\t\t<\/div>\n\t\t\t\t<div class=\"elementor-element elementor-element-0e8392e elementor-widget elementor-widget-heading\" data-id=\"0e8392e\" data-element_type=\"widget\" data-e-type=\"widget\" data-widget_type=\"heading.default\">\n\t\t\t\t<div class=\"elementor-widget-container\">\n\t\t\t\t\t<h2 class=\"elementor-heading-title elementor-size-default\"><span class=\"ez-toc-section\" id=\"Historia-de-East-Orange\"><\/span>Historia de East Orange<span class=\"ez-toc-section-end\"><\/span><\/h2>\t\t\t\t<\/div>\n\t\t\t\t<\/div>\n\t\t\t\t<div class=\"elementor-element elementor-element-4eb202f elementor-widget elementor-widget-text-editor\" data-id=\"4eb202f\" data-element_type=\"widget\" data-e-type=\"widget\" data-widget_type=\"text-editor.default\">\n\t\t\t\t<div class=\"elementor-widget-container\">\n\t\t\t\t\t\t\t\t\t<ul><li><strong>Primeros asentamientos y desarrollo:<\/strong> El \u00e1rea que hoy es East Orange formaba parte inicialmente del municipio de Newark y fue colonizada por europeos en la d\u00e9cada de 1660. Era primordialmente rural, con la agricultura como pilar de la econom\u00eda local. <\/li><li><strong>Incorporaci\u00f3n y crecimiento:<\/strong> East Orange se incorpor\u00f3 como ciudad en 1863. La llegada del ferrocarril a mediados del siglo XIX la transform\u00f3 en un bullicioso suburbio de Newark, atrayendo a una poblaci\u00f3n adinerada que viajaba diariamente al trabajo. <\/li><li><strong>Transformaciones del siglo XX:<\/strong> A lo largo del siglo XX, East Orange experiment\u00f3 cambios demogr\u00e1ficos significativos, particularmente durante la Gran Migraci\u00f3n, cuando muchos afroamericanos se trasladaron del sur hacia las ciudades del norte.<\/li><li><strong>Desarrollos recientes:<\/strong> En los \u00faltimos a\u00f1os, East Orange se ha centrado en la reurbanizaci\u00f3n y la revitalizaci\u00f3n, con el objetivo de impulsar su econom\u00eda y mejorar la calidad de vida de sus residentes.<\/li><\/ul>\t\t\t\t\t\t\t\t<\/div>\n\t\t\t\t<\/div>\n\t\t\t\t<div class=\"elementor-element elementor-element-cc2b928 elementor-widget elementor-widget-heading\" data-id=\"cc2b928\" data-element_type=\"widget\" data-e-type=\"widget\" data-widget_type=\"heading.default\">\n\t\t\t\t<div class=\"elementor-widget-container\">\n\t\t\t\t\t<h2 class=\"elementor-heading-title elementor-size-default\"><span class=\"ez-toc-section\" id=\"Vecindarios-de-East-Orange\"><\/span>Vecindarios de East Orange<span class=\"ez-toc-section-end\"><\/span><\/h2>\t\t\t\t<\/div>\n\t\t\t\t<\/div>\n\t\t\t\t<div class=\"elementor-element elementor-element-f24b88e elementor-widget elementor-widget-text-editor\" data-id=\"f24b88e\" data-element_type=\"widget\" data-e-type=\"widget\" data-widget_type=\"text-editor.default\">\n\t\t\t\t<div class=\"elementor-widget-container\">\n\t\t\t\t\t\t\t\t\t<p>East Orange se caracteriza por sus distintos vecindarios, cada uno con su estilo \u00fanico. Las \u00e1reas notables incluyen: <\/p><ul><li><strong>Ampere:<\/strong> Conocido por sus hermosas casas de principios del siglo XX y calles bordeadas de \u00e1rboles, Ampere es uno de los vecindarios m\u00e1s codiciados de East Orange.<\/li><li><strong>Presidential Estates:<\/strong> Nombrado as\u00ed por calles que llevan los nombres de presidentes de los EE. UU., este vecindario se caracteriza por casas bien mantenidas y una comunidad activa.<\/li><li><strong>Elmwood:<\/strong> Ubicado en la parte suroeste de la ciudad, Elmwood es predominantemente residencial, conocido por su diversa oferta de viviendas y un sentimiento de comunidad muy unida.<\/li><\/ul>\t\t\t\t\t\t\t\t<\/div>\n\t\t\t\t<\/div>\n\t\t\t\t<div class=\"elementor-element elementor-element-3a37fe8 elementor-widget elementor-widget-text-editor\" data-id=\"3a37fe8\" data-element_type=\"widget\" data-e-type=\"widget\" data-widget_type=\"text-editor.default\">\n\t\t\t\t<div class=\"elementor-widget-container\">\n\t\t\t\t\t\t\t\t\t<table><tbody><tr><th>Vecindario <\/th>| <th>Caracter\u00edsticas notables<\/th><\/tr><tr><td>Ampere:<\/td> <td>Un distrito hist\u00f3rico conocido por sus casas de principios del siglo XX bien conservadas y calles bordeadas de \u00e1rboles, que ofrece una sensaci\u00f3n suburbana dentro de la ciudad.<\/td><\/tr><tr><td>Greenwood (Teen Streets):<\/td> <td>Caracterizado por sus calles numeradas, Greenwood ofrece una atm\u00f3sfera comunitaria tranquila y unida, con una mezcla de estilos de vivienda que reflejan su poblaci\u00f3n diversa.<\/td><\/tr><tr><td>Presidential Estates:<\/td> <td>Esta \u00e1rea, con calles que llevan nombres de presidentes de los EE. UU., es conocida por sus casas de lujo, c\u00e9spedes cuidados y un entorno residencial sereno.<\/td><\/tr><tr><td>Elmwood:<\/td> <td>Elmwood, situado en la parte sureste de East Orange, es predominantemente residencial, conocido por su diversidad y su atm\u00f3sfera comunitaria muy unida.<\/td><\/tr><tr><td>Doddtown (Franklin):<\/td> <td>Tambi\u00e9n conocido como Franklin, este vecindario es un \u00e1rea bulliciosa con una mezcla de propiedades residenciales y comerciales, conocida por su diversidad cultural y su vibrante vida comunitaria.<\/td><\/tr><\/tbody><\/table>\t\t\t\t\t\t\t\t<\/div>\n\t\t\t\t<\/div>\n\t\t\t\t<div class=\"elementor-element elementor-element-eadf183 elementor-widget elementor-widget-heading\" data-id=\"eadf183\" data-element_type=\"widget\" data-e-type=\"widget\" data-widget_type=\"heading.default\">\n\t\t\t\t<div class=\"elementor-widget-container\">\n\t\t\t\t\t<h2 class=\"elementor-heading-title elementor-size-default\"><span class=\"ez-toc-section\" id=\"Atracciones-notables\"><\/span>Atracciones notables<span class=\"ez-toc-section-end\"><\/span><\/h2>\t\t\t\t<\/div>\n\t\t\t\t<\/div>\n\t\t\t\t<div class=\"elementor-element elementor-element-6abe5ea elementor-widget elementor-widget-text-editor\" data-id=\"6abe5ea\" data-element_type=\"widget\" data-e-type=\"widget\" data-widget_type=\"text-editor.default\">\n\t\t\t\t<div class=\"elementor-widget-container\">\n\t\t\t\t\t\t\t\t\t<p>East Orange cuenta con varias atracciones que destacan su patrimonio cultural e hist\u00f3rico. Estas incluyen: <\/p><ul><li><strong>Soverel Park:<\/strong> Un parque local popular en East Orange que ofrece instalaciones recreativas, incluyendo campos deportivos y \u00e1reas de juegos, lo que lo convierte en un lugar favorito para familias y entusiastas del deporte.<\/li><li><strong>Elmwood Park:<\/strong> Un vibrante parque comunitario que cuenta con exuberantes espacios verdes, \u00e1reas de juegos y servicios recreativos para el disfrute de residentes y visitantes.<\/li><li><strong>Biblioteca P\u00fablica de East Orange:<\/strong> La biblioteca sirve como un centro comunitario, ofreciendo una diversa gama de recursos, programas educativos y enriquecimiento cultural a los residentes.<\/li><\/ul>\t\t\t\t\t\t\t\t<\/div>\n\t\t\t\t<\/div>\n\t\t\t\t<div class=\"elementor-element elementor-element-1c737b8 elementor-widget elementor-widget-heading\" data-id=\"1c737b8\" data-element_type=\"widget\" data-e-type=\"widget\" data-widget_type=\"heading.default\">\n\t\t\t\t<div class=\"elementor-widget-container\">\n\t\t\t\t\t<h2 class=\"elementor-heading-title elementor-size-default\"><span class=\"ez-toc-section\" id=\"Datos-Estadisticos\"><\/span>Datos Estad\u00edsticos<span class=\"ez-toc-section-end\"><\/span><\/h2>\t\t\t\t<\/div>\n\t\t\t\t<\/div>\n\t\t\t\t<div class=\"elementor-element elementor-element-1e53a68 elementor-widget elementor-widget-text-editor\" data-id=\"1e53a68\" data-element_type=\"widget\" data-e-type=\"widget\" data-widget_type=\"text-editor.default\">\n\t\t\t\t<div class=\"elementor-widget-container\">\n\t\t\t\t\t\t\t\t\t<ul><li><strong>Poblaci\u00f3n:<\/strong> East Orange tiene una poblaci\u00f3n de aproximadamente 65,000 residentes, lo que la convierte en una de las ciudades m\u00e1s densamente pobladas de la regi\u00f3n.<\/li><li><strong>Demograf\u00eda:<\/strong> La ciudad cuenta con una poblaci\u00f3n diversa, con una mayor\u00eda afroamericana significativa. Tambi\u00e9n existe una creciente comunidad de inmigrantes hispanos y africanos. <\/li><li><strong>Econom\u00eda: <\/strong>Tradicionalmente un centro industrial y manufacturero, East Orange ha cambiado hacia sectores orientados a los servicios, incluyendo la atenci\u00f3n m\u00e9dica y el comercio minorista.<\/li><li><strong>Educaci\u00f3n:<\/strong> La ciudad cuenta con los servicios del Distrito Escolar de East Orange, que ofrece una variedad de programas educativos, y se encuentra cerca de varias instituciones de educaci\u00f3n superior en Newark y las \u00e1reas circundantes.<\/li><li><strong>Bienes Ra\u00edces:<\/strong> El mercado de bienes ra\u00edces en East Orange incluye una mezcla de casas hist\u00f3ricas, apartamentos y nuevos desarrollos, lo que refleja el car\u00e1cter urbano de la ciudad.<\/li><\/ul>\t\t\t\t\t\t\t\t<\/div>\n\t\t\t\t<\/div>\n\t\t\t\t<div class=\"elementor-element elementor-element-bc76497 elementor-widget elementor-widget-heading\" data-id=\"bc76497\" data-element_type=\"widget\" data-e-type=\"widget\" data-widget_type=\"heading.default\">\n\t\t\t\t<div class=\"elementor-widget-container\">\n\t\t\t\t\t<h2 class=\"elementor-heading-title elementor-size-default\"><span class=\"ez-toc-section\" id=\"Conclusion\"><\/span>Conclusi\u00f3n<span class=\"ez-toc-section-end\"><\/span><\/h2>\t\t\t\t<\/div>\n\t\t\t\t<\/div>\n\t\t\t\t<div class=\"elementor-element elementor-element-daed973 elementor-widget elementor-widget-text-editor\" data-id=\"daed973\" data-element_type=\"widget\" data-e-type=\"widget\" data-widget_type=\"text-editor.default\">\n\t\t\t\t<div class=\"elementor-widget-container\">\n\t\t\t\t\t\t\t\t\t<p>East Orange, Nueva Jersey, se erige como un testimonio de la resiliencia y vitalidad de las comunidades urbanas en el \u00e1rea metropolitana de Nueva York. Desde sus humildes comienzos como una comunidad rural hasta su estatus actual como una ciudad vibrante, East Orange contin\u00faa evolucionando. Su rica historia, vecindarios diversos y los esfuerzos continuos para la revitalizaci\u00f3n econ\u00f3mica la convierten en una ciudad notable con un futuro prometedor. La combinaci\u00f3n de encanto hist\u00f3rico, diversidad cultural y esp\u00edritu comunitario de la ciudad, junto con su proximidad a los principales centros urbanos, la convierte en un destino atractivo tanto para residentes como para visitantes.   <\/p>\t\t\t\t\t\t\t\t<\/div>\n\t\t\t\t<\/div>\n\t\t\t\t\t<\/div>\n\t\t<\/div>\n\t\t\t\t<div class=\"elementor-column elementor-col-50 elementor-top-column elementor-element elementor-element-dae0cd0\" data-id=\"dae0cd0\" data-element_type=\"column\" data-e-type=\"column\">\n\t\t\t<div class=\"elementor-widget-wrap elementor-element-populated\">\n\t\t\t\t\t\t<section class=\"elementor-section elementor-inner-section elementor-element elementor-element-9b4b4c5 elementor-section-boxed elementor-section-height-default elementor-section-height-default\" data-id=\"9b4b4c5\" data-element_type=\"section\" data-e-type=\"section\" data-settings=\"{&quot;jet_parallax_layout_list&quot;:[],&quot;background_background&quot;:&quot;classic&quot;}\">\n\t\t\t\t\t\t<div class=\"elementor-container elementor-column-gap-default\">\n\t\t\t\t\t<div class=\"elementor-column elementor-col-100 elementor-inner-column elementor-element elementor-element-3e4cd2d\" data-id=\"3e4cd2d\" data-element_type=\"column\" data-e-type=\"column\">\n\t\t\t<div class=\"elementor-widget-wrap elementor-element-populated\">\n\t\t\t\t\t\t<div class=\"elementor-element elementor-element-f3c504f elementor-widget elementor-widget-heading\" data-id=\"f3c504f\" data-element_type=\"widget\" data-e-type=\"widget\" data-widget_type=\"heading.default\">\n\t\t\t\t<div class=\"elementor-widget-container\">\n\t\t\t\t\t<p class=\"elementor-heading-title elementor-size-default\">\u00c1reas de Pr\u00e1ctica<\/p>\t\t\t\t<\/div>\n\t\t\t\t<\/div>\n\t\t\t\t<div class=\"elementor-element elementor-element-5ba6db8 elementor-icon-list--layout-traditional elementor-list-item-link-full_width elementor-widget elementor-widget-icon-list\" data-id=\"5ba6db8\" data-element_type=\"widget\" data-e-type=\"widget\" data-widget_type=\"icon-list.default\">\n\t\t\t\t<div class=\"elementor-widget-container\">\n\t\t\t\t\t\t\t<ul class=\"elementor-icon-list-items\">\n\t\t\t\t\t\t\t<li class=\"elementor-icon-list-item\">\n\t\t\t\t\t\t\t\t\t\t\t<a href=\"https:\/\/thekugellawfirm.com\/es\/\">\n\n\t\t\t\t\t\t\t\t\t\t\t\t<span class=\"elementor-icon-list-icon\">\n\t\t\t\t\t\t\t<i aria-hidden=\"true\" class=\"fas fa-chevron-circle-right\"><\/i>\t\t\t\t\t\t<\/span>\n\t\t\t\t\t\t\t\t\t\t<span class=\"elementor-icon-list-text\">Abogado de Navegaci\u00f3n Bajo la Influencia en East Orange<\/span>\n\t\t\t\t\t\t\t\t\t\t\t<\/a>\n\t\t\t\t\t\t\t\t\t<\/li>\n\t\t\t\t\t\t\t\t<li class=\"elementor-icon-list-item\">\n\t\t\t\t\t\t\t\t\t\t\t<a href=\"https:\/\/thekugellawfirm.com\/es\/abogado-de-dui-en-nueva-jersey\/\">\n\n\t\t\t\t\t\t\t\t\t\t\t\t<span class=\"elementor-icon-list-icon\">\n\t\t\t\t\t\t\t<i aria-hidden=\"true\" class=\"fas fa-chevron-circle-right\"><\/i>\t\t\t\t\t\t<\/span>\n\t\t\t\t\t\t\t\t\t\t<span class=\"elementor-icon-list-text\">Firma de Abogados para Arrestos por DWI en East Orange<\/span>\n\t\t\t\t\t\t\t\t\t\t\t<\/a>\n\t\t\t\t\t\t\t\t\t<\/li>\n\t\t\t\t\t\t\t\t<li class=\"elementor-icon-list-item\">\n\t\t\t\t\t\t\t\t\t\t\t<a href=\"https:\/\/thekugellawfirm.com\/es\/\">\n\n\t\t\t\t\t\t\t\t\t\t\t\t<span class=\"elementor-icon-list-icon\">\n\t\t\t\t\t\t\t<i aria-hidden=\"true\" class=\"fas fa-chevron-circle-right\"><\/i>\t\t\t\t\t\t<\/span>\n\t\t\t\t\t\t\t\t\t\t<span class=\"elementor-icon-list-text\">Abogado de DWI por Causar Lesiones o Muerte en East Orange<\/span>\n\t\t\t\t\t\t\t\t\t\t\t<\/a>\n\t\t\t\t\t\t\t\t\t<\/li>\n\t\t\t\t\t\t\t\t<li class=\"elementor-icon-list-item\">\n\t\t\t\t\t\t\t\t\t\t\t<a href=\"https:\/\/thekugellawfirm.com\/es\/\">\n\n\t\t\t\t\t\t\t\t\t\t\t\t<span class=\"elementor-icon-list-icon\">\n\t\t\t\t\t\t\t<i aria-hidden=\"true\" class=\"fas fa-chevron-circle-right\"><\/i>\t\t\t\t\t\t<\/span>\n\t\t\t\t\t\t\t\t\t\t<span class=\"elementor-icon-list-text\">Abogado de Defensa de DWI para Estudiantes Universitarios en East Orange<\/span>\n\t\t\t\t\t\t\t\t\t\t\t<\/a>\n\t\t\t\t\t\t\t\t\t<\/li>\n\t\t\t\t\t\t\t\t<li class=\"elementor-icon-list-item\">\n\t\t\t\t\t\t\t\t\t\t\t<a href=\"https:\/\/thekugellawfirm.com\/es\/\">\n\n\t\t\t\t\t\t\t\t\t\t\t\t<span class=\"elementor-icon-list-icon\">\n\t\t\t\t\t\t\t<i aria-hidden=\"true\" class=\"fas fa-chevron-circle-right\"><\/i>\t\t\t\t\t\t<\/span>\n\t\t\t\t\t\t\t\t\t\t<span class=\"elementor-icon-list-text\">Firma de Abogados para Conducci\u00f3n Bajo los Efectos de Drogas (DWI) en East Orange<\/span>\n\t\t\t\t\t\t\t\t\t\t\t<\/a>\n\t\t\t\t\t\t\t\t\t<\/li>\n\t\t\t\t\t\t\t\t<li class=\"elementor-icon-list-item\">\n\t\t\t\t\t\t\t\t\t\t\t<a href=\"https:\/\/thekugellawfirm.com\/es\/\">\n\n\t\t\t\t\t\t\t\t\t\t\t\t<span class=\"elementor-icon-list-icon\">\n\t\t\t\t\t\t\t<i aria-hidden=\"true\" class=\"fas fa-chevron-circle-right\"><\/i>\t\t\t\t\t\t<\/span>\n\t\t\t\t\t\t\t\t\t\t<span class=\"elementor-icon-list-text\">Abogado de Penalizaciones por DWI en East Orange<\/span>\n\t\t\t\t\t\t\t\t\t\t\t<\/a>\n\t\t\t\t\t\t\t\t\t<\/li>\n\t\t\t\t\t\t\t\t<li class=\"elementor-icon-list-item\">\n\t\t\t\t\t\t\t\t\t\t\t<a href=\"https:\/\/thekugellawfirm.com\/es\/\">\n\n\t\t\t\t\t\t\t\t\t\t\t\t<span class=\"elementor-icon-list-icon\">\n\t\t\t\t\t\t\t<i aria-hidden=\"true\" class=\"fas fa-chevron-circle-right\"><\/i>\t\t\t\t\t\t<\/span>\n\t\t\t\t\t\t\t\t\t\t<span class=\"elementor-icon-list-text\">Abogado de Derechos de DWI en East Orange<\/span>\n\t\t\t\t\t\t\t\t\t\t\t<\/a>\n\t\t\t\t\t\t\t\t\t<\/li>\n\t\t\t\t\t\t\t\t<li class=\"elementor-icon-list-item\">\n\t\t\t\t\t\t\t\t\t\t\t<a href=\"https:\/\/thekugellawfirm.com\/es\/\">\n\n\t\t\t\t\t\t\t\t\t\t\t\t<span class=\"elementor-icon-list-icon\">\n\t\t\t\t\t\t\t<i aria-hidden=\"true\" class=\"fas fa-chevron-circle-right\"><\/i>\t\t\t\t\t\t<\/span>\n\t\t\t\t\t\t\t\t\t\t<span class=\"elementor-icon-list-text\">Firma de Abogados para Primer DWI\/DUI en East Orange<\/span>\n\t\t\t\t\t\t\t\t\t\t\t<\/a>\n\t\t\t\t\t\t\t\t\t<\/li>\n\t\t\t\t\t\t\t\t<li class=\"elementor-icon-list-item\">\n\t\t\t\t\t\t\t\t\t\t\t<a href=\"https:\/\/thekugellawfirm.com\/es\/\">\n\n\t\t\t\t\t\t\t\t\t\t\t\t<span class=\"elementor-icon-list-icon\">\n\t\t\t\t\t\t\t<i aria-hidden=\"true\" class=\"fas fa-chevron-circle-right\"><\/i>\t\t\t\t\t\t<\/span>\n\t\t\t\t\t\t\t\t\t\t<span class=\"elementor-icon-list-text\">Abogado para Arresto por Segundo DWI en East Orange<\/span>\n\t\t\t\t\t\t\t\t\t\t\t<\/a>\n\t\t\t\t\t\t\t\t\t<\/li>\n\t\t\t\t\t\t\t\t<li class=\"elementor-icon-list-item\">\n\t\t\t\t\t\t\t\t\t\t\t<a href=\"https:\/\/thekugellawfirm.com\/es\/\">\n\n\t\t\t\t\t\t\t\t\t\t\t\t<span class=\"elementor-icon-list-icon\">\n\t\t\t\t\t\t\t<i aria-hidden=\"true\" class=\"fas fa-chevron-circle-right\"><\/i>\t\t\t\t\t\t<\/span>\n\t\t\t\t\t\t\t\t\t\t<span class=\"elementor-icon-list-text\">Abogado para Arresto por Tercer DWI en East Orange<\/span>\n\t\t\t\t\t\t\t\t\t\t\t<\/a>\n\t\t\t\t\t\t\t\t\t<\/li>\n\t\t\t\t\t\t\t\t<li class=\"elementor-icon-list-item\">\n\t\t\t\t\t\t\t\t\t\t\t<a href=\"https:\/\/thekugellawfirm.com\/es\/\">\n\n\t\t\t\t\t\t\t\t\t\t\t\t<span class=\"elementor-icon-list-icon\">\n\t\t\t\t\t\t\t<i aria-hidden=\"true\" class=\"fas fa-chevron-circle-right\"><\/i>\t\t\t\t\t\t<\/span>\n\t\t\t\t\t\t\t\t\t\t<span class=\"elementor-icon-list-text\">Abogado de Defensa de DWI y DUI para Menores de Edad en East Orange<\/span>\n\t\t\t\t\t\t\t\t\t\t\t<\/a>\n\t\t\t\t\t\t\t\t\t<\/li>\n\t\t\t\t\t\t<\/ul>\n\t\t\t\t\t\t<\/div>\n\t\t\t\t<\/div>\n\t\t\t\t\t<\/div>\n\t\t<\/div>\n\t\t\t\t\t<\/div>\n\t\t<\/section>\n\t\t\t\t\t<\/div>\n\t\t<\/div>\n\t\t\t\t\t<\/div>\n\t\t<\/section>\n\t\t\t\t<\/div>\n\t\t<p id=\"qri-code\"><iframe loading=\"lazy\" style=\"border:none;\" scrolling=\"no\" marginheight=\"0px\" marginwidth=\"0px\" allowfullscreen=\"\" src=\"https:\/\/quickchart.io\/chart?cht=qr&chs=150x150&chl=https:\/\/thekugellawfirm.com\/es\/east-orange\/\" width=\"150px\" height=\"150px\" frameborder=\"0\"><\/iframe><\/p>","protected":false},"excerpt":{"rendered":"<p>The Kugel Law Firm East Orange, Nueva Jersey: Un tapiz de historia y diversidad East Orange, Nueva Jersey, situada en el coraz\u00f3n del condado de Essex, es una ciudad con un rico legado hist\u00f3rico y una vibrante vida comunitaria. Este ensayo profundiza en el pasado de la ciudad, explora sus diversos vecindarios, destaca sus principales [&hellip;]<\/p>\n","protected":false},"author":1,"featured_media":5058,"parent":0,"menu_order":0,"comment_status":"closed","ping_status":"closed","template":"","meta":{"_seopress_robots_primary_cat":"","_seopress_titles_title":"East Orange, Nueva Jersey","_seopress_titles_desc":"","_seopress_robots_index":"","footnotes":""},"class_list":["post-5059","page","type-page","status-publish","has-post-thumbnail","hentry"],"_links":{"self":[{"href":"https:\/\/thekugellawfirm.com\/es\/wp-json\/wp\/v2\/pages\/5059","targetHints":{"allow":["GET"]}}],"collection":[{"href":"https:\/\/thekugellawfirm.com\/es\/wp-json\/wp\/v2\/pages"}],"about":[{"href":"https:\/\/thekugellawfirm.com\/es\/wp-json\/wp\/v2\/types\/page"}],"author":[{"embeddable":true,"href":"https:\/\/thekugellawfirm.com\/es\/wp-json\/wp\/v2\/users\/1"}],"replies":[{"embeddable":true,"href":"https:\/\/thekugellawfirm.com\/es\/wp-json\/wp\/v2\/comments?post=5059"}],"version-history":[{"count":2,"href":"https:\/\/thekugellawfirm.com\/es\/wp-json\/wp\/v2\/pages\/5059\/revisions"}],"predecessor-version":[{"id":5391,"href":"https:\/\/thekugellawfirm.com\/es\/wp-json\/wp\/v2\/pages\/5059\/revisions\/5391"}],"wp:featuredmedia":[{"embeddable":true,"href":"https:\/\/thekugellawfirm.com\/es\/wp-json\/wp\/v2\/media\/5058"}],"wp:attachment":[{"href":"https:\/\/thekugellawfirm.com\/es\/wp-json\/wp\/v2\/media?parent=5059"}],"curies":[{"name":"wp","href":"https:\/\/api.w.org\/{rel}","templated":true}]}}