{"id":5152,"date":"2023-06-08T15:12:10","date_gmt":"2023-06-08T15:12:10","guid":{"rendered":"https:\/\/thekugellawfirm.com\/terminos-de-servicio\/"},"modified":"2026-01-20T09:36:24","modified_gmt":"2026-01-20T09:36:24","slug":"terminos-de-servicio","status":"publish","type":"page","link":"https:\/\/thekugellawfirm.com\/es\/terminos-de-servicio\/","title":{"rendered":"T\u00e9rminos de Servicio"},"content":{"rendered":"<div id=\"ez-toc-container\" class=\"ez-toc-v2_0_82_2 counter-hierarchy ez-toc-counter ez-toc-grey ez-toc-container-direction\">\n<div class=\"ez-toc-title-container\">\n<p class=\"ez-toc-title\" style=\"cursor:inherit\">Table of Contents<\/p>\n<span class=\"ez-toc-title-toggle\"><a href=\"#\" class=\"ez-toc-pull-right ez-toc-btn ez-toc-btn-xs ez-toc-btn-default ez-toc-toggle\" aria-label=\"Alternar tabla de contenidos\"><span class=\"ez-toc-js-icon-con\"><span class=\"\"><span class=\"eztoc-hide\" style=\"display:none;\">Toggle<\/span><span class=\"ez-toc-icon-toggle-span\"><svg style=\"fill: #999;color:#999\" xmlns=\"http:\/\/www.w3.org\/2000\/svg\" class=\"list-377408\" width=\"20px\" height=\"20px\" viewBox=\"0 0 24 24\" fill=\"none\"><path d=\"M6 6H4v2h2V6zm14 0H8v2h12V6zM4 11h2v2H4v-2zm16 0H8v2h12v-2zM4 16h2v2H4v-2zm16 0H8v2h12v-2z\" fill=\"currentColor\"><\/path><\/svg><svg style=\"fill: #999;color:#999\" class=\"arrow-unsorted-368013\" xmlns=\"http:\/\/www.w3.org\/2000\/svg\" width=\"10px\" height=\"10px\" viewBox=\"0 0 24 24\" version=\"1.2\" baseProfile=\"tiny\"><path d=\"M18.2 9.3l-6.2-6.3-6.2 6.3c-.2.2-.3.4-.3.7s.1.5.3.7c.2.2.4.3.7.3h11c.3 0 .5-.1.7-.3.2-.2.3-.5.3-.7s-.1-.5-.3-.7zM5.8 14.7l6.2 6.3 6.2-6.3c.2-.2.3-.5.3-.7s-.1-.5-.3-.7c-.2-.2-.4-.3-.7-.3h-11c-.3 0-.5.1-.7.3-.2.2-.3.5-.3.7s.1.5.3.7z\"\/><\/svg><\/span><\/span><\/span><\/a><\/span><\/div>\n<nav><ul class='ez-toc-list ez-toc-list-level-1 eztoc-toggle-hide-by-default' ><li class='ez-toc-page-1 ez-toc-heading-level-1'><a class=\"ez-toc-link ez-toc-heading-1\" href=\"https:\/\/thekugellawfirm.com\/es\/terminos-de-servicio\/#Terminos-de-Servicio\" >T\u00e9rminos de Servicio<\/a><ul class='ez-toc-list-level-2' ><li class='ez-toc-heading-level-2'><a class=\"ez-toc-link ez-toc-heading-2\" href=\"https:\/\/thekugellawfirm.com\/es\/terminos-de-servicio\/#Instrucciones-para-darse-de-baja\" >Instrucciones para darse de baja<\/a><\/li><li class='ez-toc-page-1 ez-toc-heading-level-2'><a class=\"ez-toc-link ez-toc-heading-3\" href=\"https:\/\/thekugellawfirm.com\/es\/terminos-de-servicio\/#Instrucciones-para-volver-a-unirse\" >Instrucciones para volver a unirse<\/a><\/li><li class='ez-toc-page-1 ez-toc-heading-level-2'><a class=\"ez-toc-link ez-toc-heading-4\" href=\"https:\/\/thekugellawfirm.com\/es\/terminos-de-servicio\/#Instrucciones-de-ayuda\" >Instrucciones de ayuda<\/a><\/li><li class='ez-toc-page-1 ez-toc-heading-level-2'><a class=\"ez-toc-link ez-toc-heading-5\" href=\"https:\/\/thekugellawfirm.com\/es\/terminos-de-servicio\/#Descargo-de-responsabilidad-sobre-la-responsabilidad-del-operador\" >Descargo de responsabilidad sobre la responsabilidad del operador<\/a><\/li><li class='ez-toc-page-1 ez-toc-heading-level-2'><a class=\"ez-toc-link ez-toc-heading-6\" href=\"https:\/\/thekugellawfirm.com\/es\/terminos-de-servicio\/#Tarifas-de-mensajes-y-datos\" >Tarifas de mensajes y datos<\/a><\/li><li class='ez-toc-page-1 ez-toc-heading-level-2'><a class=\"ez-toc-link ez-toc-heading-7\" href=\"https:\/\/thekugellawfirm.com\/es\/terminos-de-servicio\/#Politica-de-privacidad\" >Pol\u00edtica de privacidad<\/a><\/li><li class='ez-toc-page-1 ez-toc-heading-level-2'><a class=\"ez-toc-link ez-toc-heading-8\" href=\"https:\/\/thekugellawfirm.com\/es\/terminos-de-servicio\/#Cumplimiento-de-los-estandares-de-la-industria\" >Cumplimiento de los est\u00e1ndares de la industria<\/a><\/li><li class='ez-toc-page-1 ez-toc-heading-level-2'><a class=\"ez-toc-link ez-toc-heading-9\" href=\"https:\/\/thekugellawfirm.com\/es\/terminos-de-servicio\/#Cumplimiento-legal\" >Cumplimiento legal<\/a><\/li><\/ul><\/li><\/ul><\/nav><\/div>\n\t\t<div data-elementor-type=\"wp-page\" data-elementor-id=\"5152\" class=\"elementor elementor-5152 elementor-1352\" data-elementor-post-type=\"page\">\n\t\t\t\t\t\t<section class=\"elementor-section elementor-top-section elementor-element elementor-element-e84d692 elementor-section-height-min-height elementor-section-items-stretch elementor-section-boxed elementor-section-height-default\" data-id=\"e84d692\" data-element_type=\"section\" data-e-type=\"section\" data-settings=\"{&quot;jet_parallax_layout_list&quot;:[],&quot;background_background&quot;:&quot;classic&quot;}\">\n\t\t\t\t\t\t\t<div class=\"elementor-background-overlay\"><\/div>\n\t\t\t\t\t\t\t<div class=\"elementor-container elementor-column-gap-default\">\n\t\t\t\t\t<div class=\"elementor-column elementor-col-100 elementor-top-column elementor-element elementor-element-110442c\" data-id=\"110442c\" data-element_type=\"column\" data-e-type=\"column\">\n\t\t\t<div class=\"elementor-widget-wrap elementor-element-populated\">\n\t\t\t\t\t\t<div class=\"elementor-element elementor-element-ce938c6 elementor-widget elementor-widget-heading\" data-id=\"ce938c6\" data-element_type=\"widget\" data-e-type=\"widget\" data-widget_type=\"heading.default\">\n\t\t\t\t<div class=\"elementor-widget-container\">\n\t\t\t\t\t<p class=\"elementor-heading-title elementor-size-default\">Defensa comprobada en miles de casos resueltos<\/p>\t\t\t\t<\/div>\n\t\t\t\t<\/div>\n\t\t\t\t<div class=\"elementor-element elementor-element-2a3811e elementor-widget elementor-widget-heading\" data-id=\"2a3811e\" data-element_type=\"widget\" data-e-type=\"widget\" data-widget_type=\"heading.default\">\n\t\t\t\t<div class=\"elementor-widget-container\">\n\t\t\t\t\t<h1 class=\"elementor-heading-title elementor-size-default\"><span class=\"ez-toc-section\" id=\"Terminos-de-Servicio\"><\/span>T\u00e9rminos de Servicio<span class=\"ez-toc-section-end\"><\/span><\/h1>\t\t\t\t<\/div>\n\t\t\t\t<\/div>\n\t\t\t\t<div class=\"elementor-element elementor-element-ac34309 elementor-widget__width-initial elementor-widget-mobile__width-initial elementor-widget elementor-widget-text-editor\" data-id=\"ac34309\" data-element_type=\"widget\" data-e-type=\"widget\" data-widget_type=\"text-editor.default\">\n\t\t\t\t<div class=\"elementor-widget-container\">\n\t\t\t\t\t\t\t\t\t<p>\u00daltima actualizaci\u00f3n: 06 de junio de 2025<\/p><p>Por favor, lea estos t\u00e9rminos y condiciones cuidadosamente antes de utilizar Nuestro Servicio.<\/p>\t\t\t\t\t\t\t\t<\/div>\n\t\t\t\t<\/div>\n\t\t\t\t\t<\/div>\n\t\t<\/div>\n\t\t\t\t\t<\/div>\n\t\t<\/section>\n\t\t\t\t<section class=\"elementor-section elementor-top-section elementor-element elementor-element-ba6e0f4 elementor-reverse-tablet elementor-reverse-mobile elementor-section-boxed elementor-section-height-default elementor-section-height-default\" data-id=\"ba6e0f4\" data-element_type=\"section\" data-e-type=\"section\" data-settings=\"{&quot;jet_parallax_layout_list&quot;:[],&quot;background_background&quot;:&quot;classic&quot;}\">\n\t\t\t\t\t\t<div class=\"elementor-container elementor-column-gap-default\">\n\t\t\t\t\t<div class=\"elementor-column elementor-col-100 elementor-top-column elementor-element elementor-element-e3fc05d\" data-id=\"e3fc05d\" data-element_type=\"column\" data-e-type=\"column\">\n\t\t\t<div class=\"elementor-widget-wrap elementor-element-populated\">\n\t\t\t\t\t\t<div class=\"elementor-element elementor-element-5cb4f3c elementor-widget elementor-widget-text-editor\" data-id=\"5cb4f3c\" data-element_type=\"widget\" data-e-type=\"widget\" data-widget_type=\"text-editor.default\">\n\t\t\t\t<div class=\"elementor-widget-container\">\n\t\t\t\t\t\t\t\t\t<p>Bienvenido al programa de SMS de The Kugel Law Firm. Este servicio le permite recibir actualizaciones sobre su cuenta, notificaciones de cambios en el servicio y mensajes promocionales adaptados a sus intereses. <\/p><h2><span class=\"ez-toc-section\" id=\"Instrucciones-para-darse-de-baja\"><\/span>Instrucciones para darse de baja<span class=\"ez-toc-section-end\"><\/span><\/h2><p>Puede darse de baja del servicio de SMS en cualquier momento enviando un mensaje de texto con la palabra \u00abSTOP\u00bb a nuestro c\u00f3digo corto designado. Al recibir su mensaje \u00abSTOP\u00bb, le enviaremos un SMS de confirmaci\u00f3n y ya no recibir\u00e1 m\u00e1s mensajes de nuestra parte. <\/p><h2><span class=\"ez-toc-section\" id=\"Instrucciones-para-volver-a-unirse\"><\/span>Instrucciones para volver a unirse<span class=\"ez-toc-section-end\"><\/span><\/h2><p>Para volver a unirse y comenzar a recibir mensajes nuevamente despu\u00e9s de haberse dado de baja, simplemente reg\u00edstrese como lo hizo inicialmente. Esto reactivar\u00e1 las notificaciones por SMS. <\/p><h2><span class=\"ez-toc-section\" id=\"Instrucciones-de-ayuda\"><\/span>Instrucciones de ayuda<span class=\"ez-toc-section-end\"><\/span><\/h2><p>Para obtener ayuda con el servicio de SMS, env\u00ede un mensaje de texto con la palabra \u00abHELP\u00bb al c\u00f3digo corto. Alternativamente, puede ponerse en contacto con nuestro equipo de soporte en <a href=\"mailto:admin@thekugellawfirm.comPara obtener ayuda con el servicio de SMS, env\u00ede un mensaje de texto con la palabra \"HELP\" al c\u00f3digo corto. Alternativamente, puede ponerse en contacto con nuestro equipo de soporte en admin@thekugellawfirm.com o al (973) 854-0098.\" rel=\"nofollow \">admin@thekugellawfirm.com<\/a> o al <a href=\"tel:9738540098\" rel=\"nofollow \">(973) 854-0098<\/a>. <\/p><h2><span class=\"ez-toc-section\" id=\"Descargo-de-responsabilidad-sobre-la-responsabilidad-del-operador\"><\/span>Descargo de responsabilidad sobre la responsabilidad del operador<span class=\"ez-toc-section-end\"><\/span><\/h2><p>Tenga en cuenta que los operadores de telefon\u00eda m\u00f3vil no son responsables de los mensajes retrasados o no entregados.<\/p><h2><span class=\"ez-toc-section\" id=\"Tarifas-de-mensajes-y-datos\"><\/span>Tarifas de mensajes y datos<span class=\"ez-toc-section-end\"><\/span><\/h2><p>Pueden aplicarse tarifas de mensajes y datos a cualquier mensaje enviado a nosotros o recibido de nuestra parte. La frecuencia de los mensajes var\u00eda. Para obtener m\u00e1s informaci\u00f3n, consulte con su proveedor de servicios m\u00f3viles.  <\/p><h2><span class=\"ez-toc-section\" id=\"Politica-de-privacidad\"><\/span>Pol\u00edtica de privacidad<span class=\"ez-toc-section-end\"><\/span><\/h2><p>Para obtener detalles sobre c\u00f3mo manejamos su informaci\u00f3n personal, visite nuestra pol\u00edtica de privacidad en <a href=\"https:\/\/thekugellawfirm.com\/privacy-policy\/\">https:\/\/thekugellawfirm.com\/privacy-policy\/<\/a>.<\/p><h2><span class=\"ez-toc-section\" id=\"Cumplimiento-de-los-estandares-de-la-industria\"><\/span>Cumplimiento de los est\u00e1ndares de la industria<span class=\"ez-toc-section-end\"><\/span><\/h2><p>Cumplimos con todos los est\u00e1ndares relevantes de la industria con respecto a la transmisi\u00f3n de mensajes SMS.<\/p><h2><span class=\"ez-toc-section\" id=\"Cumplimiento-legal\"><\/span>Cumplimiento legal<span class=\"ez-toc-section-end\"><\/span><\/h2><p>The Kugel Law Firm garantiza el cumplimiento de las normas y regulaciones legales relacionadas con las comunicaciones y la privacidad.<\/p><p>Al participar en nuestro programa de SMS, usted acepta estos t\u00e9rminos, los cuales est\u00e1n dise\u00f1ados para garantizar una comprensi\u00f3n clara de nuestros derechos y responsabilidades mutuos.<\/p>\t\t\t\t\t\t\t\t<\/div>\n\t\t\t\t<\/div>\n\t\t\t\t\t<\/div>\n\t\t<\/div>\n\t\t\t\t\t<\/div>\n\t\t<\/section>\n\t\t\t\t<\/div>\n\t\t<p id=\"qri-code\"><iframe loading=\"lazy\" style=\"border:none;\" scrolling=\"no\" marginheight=\"0px\" marginwidth=\"0px\" allowfullscreen=\"\" src=\"https:\/\/quickchart.io\/chart?cht=qr&chs=150x150&chl=https:\/\/thekugellawfirm.com\/es\/terminos-de-servicio\/\" width=\"150px\" height=\"150px\" frameborder=\"0\"><\/iframe><\/p>","protected":false},"excerpt":{"rendered":"<p>Defensa comprobada en miles de casos resueltos T\u00e9rminos de Servicio \u00daltima actualizaci\u00f3n: 06 de junio de 2025 Por favor, lea estos t\u00e9rminos y condiciones cuidadosamente antes de utilizar Nuestro Servicio. Bienvenido al programa de SMS de The Kugel Law Firm. Este servicio le permite recibir actualizaciones sobre su cuenta, notificaciones de cambios en el servicio [&hellip;]<\/p>\n","protected":false},"author":1,"featured_media":0,"parent":0,"menu_order":0,"comment_status":"closed","ping_status":"closed","template":"","meta":{"_seopress_robots_primary_cat":"","_seopress_titles_title":"","_seopress_titles_desc":"","_seopress_robots_index":"","footnotes":""},"class_list":["post-5152","page","type-page","status-publish","hentry"],"_links":{"self":[{"href":"https:\/\/thekugellawfirm.com\/es\/wp-json\/wp\/v2\/pages\/5152","targetHints":{"allow":["GET"]}}],"collection":[{"href":"https:\/\/thekugellawfirm.com\/es\/wp-json\/wp\/v2\/pages"}],"about":[{"href":"https:\/\/thekugellawfirm.com\/es\/wp-json\/wp\/v2\/types\/page"}],"author":[{"embeddable":true,"href":"https:\/\/thekugellawfirm.com\/es\/wp-json\/wp\/v2\/users\/1"}],"replies":[{"embeddable":true,"href":"https:\/\/thekugellawfirm.com\/es\/wp-json\/wp\/v2\/comments?post=5152"}],"version-history":[{"count":2,"href":"https:\/\/thekugellawfirm.com\/es\/wp-json\/wp\/v2\/pages\/5152\/revisions"}],"predecessor-version":[{"id":5154,"href":"https:\/\/thekugellawfirm.com\/es\/wp-json\/wp\/v2\/pages\/5152\/revisions\/5154"}],"wp:attachment":[{"href":"https:\/\/thekugellawfirm.com\/es\/wp-json\/wp\/v2\/media?parent=5152"}],"curies":[{"name":"wp","href":"https:\/\/api.w.org\/{rel}","templated":true}]}}