{"id":5161,"date":"2023-01-18T13:48:40","date_gmt":"2023-01-18T13:48:40","guid":{"rendered":"https:\/\/thekugellawfirm.com\/politica-de-privacidad\/"},"modified":"2026-01-20T10:32:48","modified_gmt":"2026-01-20T10:32:48","slug":"politica-de-privacidad","status":"publish","type":"page","link":"https:\/\/thekugellawfirm.com\/es\/politica-de-privacidad\/","title":{"rendered":"Pol\u00edtica de privacidad"},"content":{"rendered":"<div id=\"ez-toc-container\" class=\"ez-toc-v2_0_82_2 counter-hierarchy ez-toc-counter ez-toc-grey ez-toc-container-direction\">\n<div class=\"ez-toc-title-container\">\n<p class=\"ez-toc-title\" style=\"cursor:inherit\">Table of Contents<\/p>\n<span class=\"ez-toc-title-toggle\"><a href=\"#\" class=\"ez-toc-pull-right ez-toc-btn ez-toc-btn-xs ez-toc-btn-default ez-toc-toggle\" aria-label=\"Alternar tabla de contenidos\"><span class=\"ez-toc-js-icon-con\"><span class=\"\"><span class=\"eztoc-hide\" style=\"display:none;\">Toggle<\/span><span class=\"ez-toc-icon-toggle-span\"><svg style=\"fill: #999;color:#999\" xmlns=\"http:\/\/www.w3.org\/2000\/svg\" class=\"list-377408\" width=\"20px\" height=\"20px\" viewBox=\"0 0 24 24\" fill=\"none\"><path d=\"M6 6H4v2h2V6zm14 0H8v2h12V6zM4 11h2v2H4v-2zm16 0H8v2h12v-2zM4 16h2v2H4v-2zm16 0H8v2h12v-2z\" fill=\"currentColor\"><\/path><\/svg><svg style=\"fill: #999;color:#999\" class=\"arrow-unsorted-368013\" xmlns=\"http:\/\/www.w3.org\/2000\/svg\" width=\"10px\" height=\"10px\" viewBox=\"0 0 24 24\" version=\"1.2\" baseProfile=\"tiny\"><path d=\"M18.2 9.3l-6.2-6.3-6.2 6.3c-.2.2-.3.4-.3.7s.1.5.3.7c.2.2.4.3.7.3h11c.3 0 .5-.1.7-.3.2-.2.3-.5.3-.7s-.1-.5-.3-.7zM5.8 14.7l6.2 6.3 6.2-6.3c.2-.2.3-.5.3-.7s-.1-.5-.3-.7c-.2-.2-.4-.3-.7-.3h-11c-.3 0-.5.1-.7.3-.2.2-.3.5-.3.7s.1.5.3.7z\"\/><\/svg><\/span><\/span><\/span><\/a><\/span><\/div>\n<nav><ul class='ez-toc-list ez-toc-list-level-1 eztoc-toggle-hide-by-default' ><li class='ez-toc-page-1 ez-toc-heading-level-1'><a class=\"ez-toc-link ez-toc-heading-1\" href=\"https:\/\/thekugellawfirm.com\/es\/politica-de-privacidad\/#Politica-de-privacidad\" >Pol\u00edtica de privacidad<\/a><ul class='ez-toc-list-level-2' ><li class='ez-toc-heading-level-2'><a class=\"ez-toc-link ez-toc-heading-2\" href=\"https:\/\/thekugellawfirm.com\/es\/politica-de-privacidad\/#Introduccion\" >Introducci\u00f3n<\/a><\/li><li class='ez-toc-page-1 ez-toc-heading-level-2'><a class=\"ez-toc-link ez-toc-heading-3\" href=\"https:\/\/thekugellawfirm.com\/es\/politica-de-privacidad\/#Recopilacion-de-informacion\" >Recopilaci\u00f3n de informaci\u00f3n<\/a><\/li><li class='ez-toc-page-1 ez-toc-heading-level-2'><a class=\"ez-toc-link ez-toc-heading-4\" href=\"https:\/\/thekugellawfirm.com\/es\/politica-de-privacidad\/#Uso-de-la-informacion\" >Uso de la informaci\u00f3n<\/a><\/li><li class='ez-toc-page-1 ez-toc-heading-level-2'><a class=\"ez-toc-link ez-toc-heading-5\" href=\"https:\/\/thekugellawfirm.com\/es\/politica-de-privacidad\/#Como-manejamos-su-informacion\" >C\u00f3mo manejamos su informaci\u00f3n<\/a><\/li><li class='ez-toc-page-1 ez-toc-heading-level-2'><a class=\"ez-toc-link ez-toc-heading-6\" href=\"https:\/\/thekugellawfirm.com\/es\/politica-de-privacidad\/#Nota-especial-sobre-datos-de-SMS\" >Nota especial sobre datos de SMS<\/a><\/li><li class='ez-toc-page-1 ez-toc-heading-level-2'><a class=\"ez-toc-link ez-toc-heading-7\" href=\"https:\/\/thekugellawfirm.com\/es\/politica-de-privacidad\/#Seguridad\" >Seguridad<\/a><\/li><li class='ez-toc-page-1 ez-toc-heading-level-2'><a class=\"ez-toc-link ez-toc-heading-8\" href=\"https:\/\/thekugellawfirm.com\/es\/politica-de-privacidad\/#Enlaces-a-sitios-externos\" >Enlaces a sitios externos<\/a><\/li><li class='ez-toc-page-1 ez-toc-heading-level-2'><a class=\"ez-toc-link ez-toc-heading-9\" href=\"https:\/\/thekugellawfirm.com\/es\/politica-de-privacidad\/#Actualizaciones-de-la-politica-de-privacidad\" >Actualizaciones de la pol\u00edtica de privacidad<\/a><\/li><li class='ez-toc-page-1 ez-toc-heading-level-2'><a class=\"ez-toc-link ez-toc-heading-10\" href=\"https:\/\/thekugellawfirm.com\/es\/politica-de-privacidad\/#Informacion-de-contacto\" >Informaci\u00f3n de contacto<\/a><\/li><\/ul><\/li><\/ul><\/nav><\/div>\n\t\t<div data-elementor-type=\"wp-page\" data-elementor-id=\"5161\" class=\"elementor elementor-5161 elementor-896\" data-elementor-post-type=\"page\">\n\t\t\t\t\t\t<section class=\"elementor-section elementor-top-section elementor-element elementor-element-b726084 elementor-section-height-min-height elementor-section-items-stretch elementor-section-boxed elementor-section-height-default\" data-id=\"b726084\" data-element_type=\"section\" data-e-type=\"section\" data-settings=\"{&quot;jet_parallax_layout_list&quot;:[],&quot;background_background&quot;:&quot;classic&quot;}\">\n\t\t\t\t\t\t\t<div class=\"elementor-background-overlay\"><\/div>\n\t\t\t\t\t\t\t<div class=\"elementor-container elementor-column-gap-default\">\n\t\t\t\t\t<div class=\"elementor-column elementor-col-100 elementor-top-column elementor-element elementor-element-09ba965\" data-id=\"09ba965\" data-element_type=\"column\" data-e-type=\"column\">\n\t\t\t<div class=\"elementor-widget-wrap elementor-element-populated\">\n\t\t\t\t\t\t<div class=\"elementor-element elementor-element-6e10216 elementor-widget elementor-widget-heading\" data-id=\"6e10216\" data-element_type=\"widget\" data-e-type=\"widget\" data-widget_type=\"heading.default\">\n\t\t\t\t<div class=\"elementor-widget-container\">\n\t\t\t\t\t<p class=\"elementor-heading-title elementor-size-default\">Defensa comprobada en miles de casos resueltos<\/p>\t\t\t\t<\/div>\n\t\t\t\t<\/div>\n\t\t\t\t<div class=\"elementor-element elementor-element-4017937 elementor-widget elementor-widget-heading\" data-id=\"4017937\" data-element_type=\"widget\" data-e-type=\"widget\" data-widget_type=\"heading.default\">\n\t\t\t\t<div class=\"elementor-widget-container\">\n\t\t\t\t\t<h1 class=\"elementor-heading-title elementor-size-default\"><span class=\"ez-toc-section\" id=\"Politica-de-privacidad\"><\/span>Pol\u00edtica de privacidad<span class=\"ez-toc-section-end\"><\/span><\/h1>\t\t\t\t<\/div>\n\t\t\t\t<\/div>\n\t\t\t\t<div class=\"elementor-element elementor-element-1eb5c5f elementor-widget__width-initial elementor-widget-mobile__width-initial elementor-widget elementor-widget-text-editor\" data-id=\"1eb5c5f\" data-element_type=\"widget\" data-e-type=\"widget\" data-widget_type=\"text-editor.default\">\n\t\t\t\t<div class=\"elementor-widget-container\">\n\t\t\t\t\t\t\t\t\t<p>Esta pol\u00edtica de privacidad se aplica \u00fanicamente a la informaci\u00f3n recopilada por este sitio web.<\/p>\t\t\t\t\t\t\t\t<\/div>\n\t\t\t\t<\/div>\n\t\t\t\t\t<\/div>\n\t\t<\/div>\n\t\t\t\t\t<\/div>\n\t\t<\/section>\n\t\t\t\t<section class=\"elementor-section elementor-top-section elementor-element elementor-element-eadb25d elementor-reverse-tablet elementor-reverse-mobile elementor-section-boxed elementor-section-height-default elementor-section-height-default\" data-id=\"eadb25d\" data-element_type=\"section\" data-e-type=\"section\" data-settings=\"{&quot;jet_parallax_layout_list&quot;:[],&quot;background_background&quot;:&quot;classic&quot;}\">\n\t\t\t\t\t\t<div class=\"elementor-container elementor-column-gap-default\">\n\t\t\t\t\t<div class=\"elementor-column elementor-col-100 elementor-top-column elementor-element elementor-element-311f5ef\" data-id=\"311f5ef\" data-element_type=\"column\" data-e-type=\"column\">\n\t\t\t<div class=\"elementor-widget-wrap elementor-element-populated\">\n\t\t\t\t\t\t<div class=\"elementor-element elementor-element-7a6c755 elementor-widget elementor-widget-text-editor\" data-id=\"7a6c755\" data-element_type=\"widget\" data-e-type=\"widget\" data-widget_type=\"text-editor.default\">\n\t\t\t\t<div class=\"elementor-widget-container\">\n\t\t\t\t\t\t\t\t\t<h2><span class=\"ez-toc-section\" id=\"Introduccion\"><\/span>Introducci\u00f3n<span class=\"ez-toc-section-end\"><\/span><\/h2><p>Bienvenidos a The Kugel Law Firm. Valoramos su privacidad y estamos comprometidos a proteger su informaci\u00f3n personal. Esta Pol\u00edtica de privacidad detalla c\u00f3mo recopilamos, utilizamos, protegemos y manejamos su informaci\u00f3n, espec\u00edficamente con respecto a nuestros servicios de SMS y de nuestro sitio web.  <\/p><h2><span class=\"ez-toc-section\" id=\"Recopilacion-de-informacion\"><\/span>Recopilaci\u00f3n de informaci\u00f3n<span class=\"ez-toc-section-end\"><\/span><\/h2><p>Recopilamos informaci\u00f3n directamente de usted cuando opta por nuestros servicios de SMS o cuando se comunica con nosotros a trav\u00e9s de nuestro sitio web por correo electr\u00f3nico. La informaci\u00f3n recopilada puede incluir su n\u00famero de tel\u00e9fono m\u00f3vil, nombre, direcci\u00f3n de correo electr\u00f3nico y cualquier otro detalle adicional que proporcione. Tambi\u00e9n podemos recopilar datos sobre c\u00f3mo interact\u00faa con nuestros servicios, incluyendo la frecuencia y el contenido de los mensajes.  <\/p><h2><span class=\"ez-toc-section\" id=\"Uso-de-la-informacion\"><\/span>Uso de la informaci\u00f3n <span class=\"ez-toc-section-end\"><\/span><\/h2><p>Utilizamos su informaci\u00f3n para:<\/p><ul><li aria-level=\"1\">Enviar mensajes SMS relacionados con los servicios a los que se ha suscrito.<\/li><li aria-level=\"1\">Mejorar y personalizar su experiencia con nuestros servicios.<\/li><li aria-level=\"1\">Monitorear el uso y analizar tendencias para mejorar su experiencia con The Kugel Law Firm.<\/li><\/ul><h2><span class=\"ez-toc-section\" id=\"Como-manejamos-su-informacion\"><\/span>C\u00f3mo manejamos su informaci\u00f3n<span class=\"ez-toc-section-end\"><\/span><\/h2><p>No divulgamos, intercambiamos ni transferimos de otro modo su informaci\u00f3n de identificaci\u00f3n personal a terceros para sus fines promocionales. Podemos proporcionar informaci\u00f3n a proveedores de servicios de confianza que nos asisten en la operaci\u00f3n de nuestro sitio web, en la realizaci\u00f3n de nuestro negocio o en la prestaci\u00f3n de servicios a usted, siempre que dichas partes acepten mantener esta informaci\u00f3n confidencial. Tambi\u00e9n podemos divulgar su informaci\u00f3n cuando creamos que la divulgaci\u00f3n es apropiada para cumplir con la ley, hacer cumplir las pol\u00edticas de nuestro sitio o proteger los derechos, la propiedad o la seguridad de nosotros o de otros.  <\/p><h2><span class=\"ez-toc-section\" id=\"Nota-especial-sobre-datos-de-SMS\"><\/span>Nota especial sobre datos de SMS<span class=\"ez-toc-section-end\"><\/span><\/h2><p>No se compartir\u00e1 informaci\u00f3n m\u00f3vil con empresas asociadas para fines de marketing o promocionales. Se permite compartir informaci\u00f3n con subcontratistas de servicios de soporte, como el servicio de atenci\u00f3n al cliente. Todas las dem\u00e1s categor\u00edas de casos de uso excluyen los datos de suscripci\u00f3n voluntaria y el consentimiento del remitente de mensajes de texto; esta informaci\u00f3n no se compartir\u00e1 con ninguna entidad externa.  <\/p><p>\u00abTodas las categor\u00edas anteriores excluyen los datos de suscripci\u00f3n voluntaria y el consentimiento del remitente de mensajes de texto; esta informaci\u00f3n no se compartir\u00e1 con terceros, a excepci\u00f3n de los agregadores y proveedores de los servicios de mensajes de texto\u00bb.<\/p><h2><span class=\"ez-toc-section\" id=\"Seguridad\"><\/span>Seguridad<span class=\"ez-toc-section-end\"><\/span><\/h2><p>Implementamos una variedad de medidas de seguridad para proteger su informaci\u00f3n, tanto en l\u00ednea como fuera de l\u00ednea. La informaci\u00f3n confidencial, como los detalles de la tarjeta de cr\u00e9dito, se transmite de forma segura mediante cifrado, como lo indica el \u00abhttps\u00bb en la barra de direcciones de su navegador. Solo los empleados autorizados que requieren informaci\u00f3n para tareas como facturaci\u00f3n o atenci\u00f3n al cliente tienen acceso a los datos personales, y nuestros sistemas de almacenamiento de datos se mantienen de forma segura.  <\/p><h2><span class=\"ez-toc-section\" id=\"Enlaces-a-sitios-externos\"><\/span>Enlaces a sitios externos<span class=\"ez-toc-section-end\"><\/span><\/h2><p>De vez en cuando, nuestro sitio web puede incluir enlaces a sitios web o servicios externos. Estos sitios externos mantienen pol\u00edticas de privacidad separadas e independientes. Por lo tanto, no tenemos responsabilidad ni obligaci\u00f3n por su contenido o actividades.  <\/p><h2><span class=\"ez-toc-section\" id=\"Actualizaciones-de-la-politica-de-privacidad\"><\/span>Actualizaciones de la pol\u00edtica de privacidad<span class=\"ez-toc-section-end\"><\/span><\/h2><p>Si decidimos cambiar nuestra pol\u00edtica de privacidad, publicaremos esos cambios en esta p\u00e1gina. Los cambios en la pol\u00edtica se aplicar\u00e1n \u00fanicamente a la informaci\u00f3n recopilada despu\u00e9s de la fecha del cambio. <\/p><h2><span class=\"ez-toc-section\" id=\"Informacion-de-contacto\"><\/span>Informaci\u00f3n de contacto<span class=\"ez-toc-section-end\"><\/span><\/h2><p>Si tiene alguna pregunta con respecto a nuestra pol\u00edtica de privacidad, comun\u00edquese con nosotros utilizando la informaci\u00f3n a continuaci\u00f3n:<\/p><ul><li aria-level=\"1\"><a href=\"mailto:admin@thekugellawfirm.com\" rel=\"nofollow  \">admin@thekugellawfirm.com<\/a><\/li><li aria-level=\"1\"><a href=\"tel:9738540098\" rel=\"nofollow  \">(973) 854-0098<\/a><\/li><\/ul><p>Esta pol\u00edtica fue modificada por \u00faltima vez el 6 de junio de 2025.<\/p><p>Al utilizar nuestros servicios, usted acepta nuestra pol\u00edtica de privacidad. Esta pol\u00edtica garantiza que sus datos se utilicen de manera adecuada y segura, reflejando nuestro compromiso de proteger su privacidad. <\/p>\t\t\t\t\t\t\t\t<\/div>\n\t\t\t\t<\/div>\n\t\t\t\t\t<\/div>\n\t\t<\/div>\n\t\t\t\t\t<\/div>\n\t\t<\/section>\n\t\t\t\t<\/div>\n\t\t<p id=\"qri-code\"><iframe loading=\"lazy\" style=\"border:none;\" scrolling=\"no\" marginheight=\"0px\" marginwidth=\"0px\" allowfullscreen=\"\" src=\"https:\/\/quickchart.io\/chart?cht=qr&chs=150x150&chl=https:\/\/thekugellawfirm.com\/es\/politica-de-privacidad\/\" width=\"150px\" height=\"150px\" frameborder=\"0\"><\/iframe><\/p>","protected":false},"excerpt":{"rendered":"<p>Defensa comprobada en miles de casos resueltos Pol\u00edtica de privacidad Esta pol\u00edtica de privacidad se aplica \u00fanicamente a la informaci\u00f3n recopilada por este sitio web. Introducci\u00f3n Bienvenidos a The Kugel Law Firm. Valoramos su privacidad y estamos comprometidos a proteger su informaci\u00f3n personal. Esta Pol\u00edtica de privacidad detalla c\u00f3mo recopilamos, utilizamos, protegemos y manejamos su [&hellip;]<\/p>\n","protected":false},"author":1,"featured_media":4383,"parent":0,"menu_order":0,"comment_status":"closed","ping_status":"closed","template":"","meta":{"_seopress_robots_primary_cat":"","_seopress_titles_title":"Pol\u00edtica de privacidad - Kugel Law Firm","_seopress_titles_desc":"Esta pol\u00edtica de privacidad se aplica \u00fanicamente a la informaci\u00f3n recopilada por este sitio web. Le notificar\u00e1 lo siguiente: La letra peque\u00f1a Qu\u00e9 informaci\u00f3n de identificaci\u00f3n personal se recopila de usted a trav\u00e9s del sitio web, c\u00f3mo se utiliza y con qui\u00e9n se puede compartir. Qu\u00e9 opciones tiene a su disposici\u00f3n con respecto al uso de  ","_seopress_robots_index":"","footnotes":""},"class_list":["post-5161","page","type-page","status-publish","has-post-thumbnail","hentry"],"_links":{"self":[{"href":"https:\/\/thekugellawfirm.com\/es\/wp-json\/wp\/v2\/pages\/5161","targetHints":{"allow":["GET"]}}],"collection":[{"href":"https:\/\/thekugellawfirm.com\/es\/wp-json\/wp\/v2\/pages"}],"about":[{"href":"https:\/\/thekugellawfirm.com\/es\/wp-json\/wp\/v2\/types\/page"}],"author":[{"embeddable":true,"href":"https:\/\/thekugellawfirm.com\/es\/wp-json\/wp\/v2\/users\/1"}],"replies":[{"embeddable":true,"href":"https:\/\/thekugellawfirm.com\/es\/wp-json\/wp\/v2\/comments?post=5161"}],"version-history":[{"count":4,"href":"https:\/\/thekugellawfirm.com\/es\/wp-json\/wp\/v2\/pages\/5161\/revisions"}],"predecessor-version":[{"id":5166,"href":"https:\/\/thekugellawfirm.com\/es\/wp-json\/wp\/v2\/pages\/5161\/revisions\/5166"}],"wp:featuredmedia":[{"embeddable":true,"href":"https:\/\/thekugellawfirm.com\/es\/wp-json\/wp\/v2\/media\/4383"}],"wp:attachment":[{"href":"https:\/\/thekugellawfirm.com\/es\/wp-json\/wp\/v2\/media?parent=5161"}],"curies":[{"name":"wp","href":"https:\/\/api.w.org\/{rel}","templated":true}]}}